{"id":2696,"date":"2021-06-28T13:20:15","date_gmt":"2021-06-28T11:20:15","guid":{"rendered":"https:\/\/cuende.com\/prod\/?page_id=2696"},"modified":"2022-03-10T17:25:30","modified_gmt":"2022-03-10T16:25:30","slug":"politica-cookies","status":"publish","type":"page","link":"https:\/\/cuende.com\/prod\/politica-cookies\/","title":{"rendered":"Pol\u00edtica de Cookies"},"content":{"rendered":"\t\t<div data-elementor-type=\"wp-page\" data-elementor-id=\"2696\" class=\"elementor elementor-2696\" data-elementor-settings=\"[]\">\n\t\t\t\t\t\t<div class=\"elementor-inner\">\n\t\t\t\t\t\t\t<div class=\"elementor-section-wrap\">\n\t\t\t\t\t\t\t<section class=\"elementor-section elementor-top-section elementor-element elementor-element-16bd4759 elementor-section-boxed elementor-section-height-default elementor-section-height-default\" data-id=\"16bd4759\" data-element_type=\"section\">\n\t\t\t\t\t\t<div class=\"elementor-container elementor-column-gap-default\">\n\t\t\t\t\t\t\t<div class=\"elementor-row\">\n\t\t\t\t\t<div class=\"elementor-column elementor-col-100 elementor-top-column elementor-element elementor-element-5b9c2485\" data-id=\"5b9c2485\" data-element_type=\"column\">\n\t\t\t<div class=\"elementor-column-wrap elementor-element-populated\">\n\t\t\t\t\t\t\t<div class=\"elementor-widget-wrap\">\n\t\t\t\t\t\t<div class=\"elementor-element elementor-element-00af3fb elementor-widget elementor-widget-heading\" data-id=\"00af3fb\" data-element_type=\"widget\" data-widget_type=\"heading.default\">\n\t\t\t\t<div class=\"elementor-widget-container\">\n\t\t\t<h2 class=\"elementor-heading-title elementor-size-default\">Pol\u00edtica de Cookies<\/h2>\t\t<\/div>\n\t\t\t\t<\/div>\n\t\t\t\t<div class=\"elementor-element elementor-element-3f80a010 elementor-widget elementor-widget-text-editor\" data-id=\"3f80a010\" data-element_type=\"widget\" data-widget_type=\"text-editor.default\">\n\t\t\t\t<div class=\"elementor-widget-container\">\n\t\t\t\t\t\t\t\t<div class=\"elementor-text-editor elementor-clearfix\">\n\t\t\t\t\t<p><!-- wp:heading {\"level\":3} --><\/p>\n<h3>\u00a0<\/h3>\n<div class=\"elementor-element elementor-element-3df59396 elementor-widget elementor-widget-text-editor\" data-id=\"3df59396\" data-element_type=\"widget\" data-widget_type=\"text-editor.default\">\n<div class=\"elementor-widget-container\">\n<div class=\"elementor-text-editor elementor-clearfix\">\n<h3><strong>DEFINICION Y FUNCION GENERICA DE LAS COOKIES<\/strong><\/h3>\n<p><strong>CUENDE INFOMETRICS, S.A.<\/strong>\u00a0titular de este sitio web informa que se utilizan cookies y\/o tecnolog\u00edas similares que almacenan y recuperan informaci\u00f3n cuando navegas. En general, estas tecnolog\u00edas pueden servir para finalidades muy diversas, como, por ejemplo, reconocerte como usuario, obtener informaci\u00f3n sobre tus h\u00e1bitos de navegaci\u00f3n, o personalizar la forma en que se muestra el contenido. Los usos concretos que hacemos de estas tecnolog\u00edas se describen a continuaci\u00f3n.<\/p>\n<h3><strong>INFORMACION SOBRE EL TIPO DE COOKIES QUE SE UTILIZAN Y SU FINALIDAD<\/strong><\/h3>\n<ul>\n<li><strong>T\u00e9cnicas:<\/strong>\u00a0Son aquellas necesarias para la navegaci\u00f3n y el buen funcionamiento de nuestro website. Permiten, por ejemplo, controlar el tr\u00e1fico y la comunicaci\u00f3n de datos, acceder a partes de acceso restringido, realizar el proceso de compra de un pedido, utilizar elementos de seguridad, almacenar contenidos para poder difundir v\u00eddeos o compartir contenidos a trav\u00e9s de redes sociales.<\/li>\n<li><strong>De personalizaci\u00f3n:<\/strong>\u00a0Son aqu\u00e9llas que permiten al Usuario acceder al servicio con unas caracter\u00edsticas predefinidas en funci\u00f3n de una serie de criterios, como por ejemplo el idioma, el tipo de navegador a trav\u00e9s del cual se accede al servicio, la configuraci\u00f3n regional desde donde se accede al servicio, etc.<\/li>\n<li><strong>De an\u00e1lisis:<\/strong>\u00a0son aquellas que, tratadas por nosotros o por terceros, nos permiten cuantificar el n\u00famero de usuarios y as\u00ed realizar la medici\u00f3n y an\u00e1lisis estad\u00edstico de la utilizaci\u00f3n que hacen los usuarios del servicio ofertado. Para ello se analiza su navegaci\u00f3n en nuestra p\u00e1gina web con el fin de mejorar la oferta de productos o servicios que le ofrecemos.<\/li>\n<\/ul>\n<p>CUENDE INFOMETRICS, S.A. utiliza en este sitio Web:<\/p>\n<p><strong>Cookies propias:<\/strong><\/p>\n<table style=\"height: 175px;\" width=\"880\">\n<tbody>\n<tr>\n<td width=\"80\">Nombre<\/td>\n<td width=\"80\">Tipo<\/td>\n<td width=\"80\">Origen<\/td>\n<td width=\"80\">Duraci\u00f3n<\/td>\n<td width=\"112\">Prop\u00f3sito<\/td>\n<\/tr>\n<tr>\n<td>Moove_gdpr_popup<\/td>\n<td>Anal\u00edtica<\/td>\n<td>Google<\/td>\n<td>1 a\u00f1o<\/td>\n<td width=\"112\">Cookie que contiene el valor de si se han aceptado la instalaci\u00f3n de cookies<\/td>\n<\/tr>\n<\/tbody>\n<\/table>\n<p><strong>Cookies de terceros<\/strong><\/p>\n<ul>\n<li>De an\u00e1lisis:<\/li>\n<\/ul>\n<p>CUENDE INFOMETRICS, S.A. almacena en el terminal del usuario las cookies &#8220;anal\u00edticas&#8221; de Google Analytics. El usuario podr\u00e1 excluir su actividad individual mediante los sistemas de exclusi\u00f3n facilitado por <a href=\"http:\/\/tools.google.com\/dlpage\/gaoptout\">Google Analytics\u00a0<\/a>.<\/p>\n<p>M\u00e1s informaci\u00f3n:\u00a0<a href=\"https:\/\/developers.google.com\/analytics\/devguides\/collection\/analyticsjs\/cookie-usage?hl=es\">Google Analytics Cookie Usage on Websites\u00a0<\/a>.<\/p>\n<table style=\"height: 648px;\" width=\"896\">\n<tbody>\n<tr>\n<td width=\"80\">Nombre<\/td>\n<td width=\"80\">Tipo<\/td>\n<td width=\"80\">Origen<\/td>\n<td width=\"80\">Duraci\u00f3n<\/td>\n<td width=\"112\">Prop\u00f3sito<\/td>\n<\/tr>\n<tr>\n<td>Collect<\/td>\n<td>Anal\u00edtica<\/td>\n<td>Google<\/td>\n<td>Sesi\u00f3n<\/td>\n<td width=\"112\">Se usa para enviar datos a Google Analytics sobre el dispositivo del visitante y su comportamiento<\/td>\n<\/tr>\n<tr>\n<td>_ga<\/td>\n<td>Anal\u00edtica<\/td>\n<td>Google<\/td>\n<td>2 a\u00f1os<\/td>\n<td width=\"112\">Registra una identificaci\u00f3n \u00fanica que se utiliza para generar datos estad\u00edsticos acerca de c\u00f3mo utiliza el visitante el sitio web.<\/td>\n<\/tr>\n<tr>\n<td width=\"80\">_gat<\/td>\n<td width=\"80\">Anal\u00edtica<\/td>\n<td width=\"80\">Google<\/td>\n<td width=\"80\">1 d\u00eda<\/td>\n<td width=\"112\">Utilizado por Google Analytics para controlar la tasa de peticiones<\/td>\n<\/tr>\n<tr>\n<td width=\"80\">_gid<\/td>\n<td width=\"80\">Anal\u00edtica<\/td>\n<td width=\"80\">Google<\/td>\n<td width=\"80\">1 d\u00eda<\/td>\n<td width=\"112\">Registra una identificaci\u00f3n \u00fanica que se utiliza para generar datos estad\u00edsticos acerca de c\u00f3mo utiliza el visitante el sitio web.<\/td>\n<\/tr>\n<tr>\n<td width=\"80\">pref<\/td>\n<td width=\"80\">Terceros<\/td>\n<td width=\"80\">YouTube<\/td>\n<td width=\"80\">8 meses<\/td>\n<td width=\"112\">Registra una identificaci\u00f3n \u00fanica que utiliza Google para mantener estad\u00edsticas sobre c\u00f3mo utiliza el visitante los v\u00eddeos de YouTube en sitios web diferentes.<\/td>\n<\/tr>\n<\/tbody>\n<\/table>\n<ul>\n<li>De complementos de Google:<\/li>\n<\/ul>\n<p>CUENDE INFOMETRICS, S.A. hace uso de complementos externos de Google. Su uso implica la remisi\u00f3n de cookies.<\/p>\n<p>Para m\u00e1s informaci\u00f3n consulte:\u00a0<a href=\"http:\/\/www.google.com\/intl\/es\/policies\/technologies\/cookies\/\">C\u00f3mo utiliza Google las cookies<\/a><\/p>\n<p>La informaci\u00f3n que recogen los complementos externos de Google en este Sitio Web, incluyendo la direcci\u00f3n IP del usuario, puede ser transmitida a Google y almacenada en sus servidores. Esta informaci\u00f3n es gestionada enteramente por Google. Estas cookies no identifican al usuario personalmente a menos que tenga activa una sesi\u00f3n en Google, quedando en ese caso vinculado con dicha cuenta de Google.<\/p>\n<p>Para m\u00e1s informaci\u00f3n consulte:\u00a0<a href=\"http:\/\/www.google.com\/intl\/es\/policies\/technologies\/types\/\">Tipos de cookies que utiliza Google<\/a><\/p>\n<h3><strong>IDENTIFICACION DE QUIEN UTILIZA LAS COOKIES<\/strong><\/h3>\n<p>La informaci\u00f3n obtenida por las cookies es tratada solo por nuestro editor y\/o tambi\u00e9n por terceros con el que nuestro editor haya contratado la prestaci\u00f3n de un servicio para el cual se requiera el uso de cookies.<\/p>\n<ul>\n<li><strong>Cookies propias<\/strong>: Son aquellas que se env\u00edan a su equipo desde nuestros propios equipos o dominios y desde el que prestamos el servicio que nos solicita.<\/li>\n<li><strong>Cookies de terceros<\/strong>: Son aquellas que se env\u00edan a su equipo desde un equipo o dominio que no es gestionado por nosotros, sino por otra entidad colaboradora. Como, por ejemplo, las usadas por redes sociales, o por contenido externo como Google Maps. Las cookies de terceros permiten cuantificar el n\u00famero de usuarios y as\u00ed realizar la medici\u00f3n y an\u00e1lisis estad\u00edstico de la utilizaci\u00f3n que hacen los usuarios del servicio ofertado. Para ello se analiza su navegaci\u00f3n en nuestra p\u00e1gina web con el fin de mejorar la oferta de productos o servicios que le ofrecemos. Conoce a los terceros\u00a0<strong><a href=\"https:\/\/policies.google.com\/technologies\/cookies?hl=es\">AQUI<\/a><\/strong><\/li>\n<\/ul>\n<h3>ACTIVACION, RESTRICCION Y\/O INHABILITACI\u00d3N DE COOKIES<\/h3>\n<\/div>\n<\/div>\n<div><strong style=\"font-size: revert; color: initial;\">Puede usted permitir o bloquearlas cookies, as\u00ed como borrar sus datos de navegaci\u00f3n (incluidas las cookies) desde el navegador que usted utiliza.<\/strong><span style=\"font-size: revert; color: initial;\">\u00a0Consulte las opciones e instrucciones que ofrece su navegador para ello.\u00a0Tenga en cuenta\u00a0<\/span><strong style=\"font-size: revert; color: initial;\">que si acepta las cookies de terceros, deber\u00e1 eliminarlas desde las opciones de su navegador.<\/strong><\/div>\n<div class=\"elementor-widget-container\">\n<div class=\"elementor-text-editor elementor-clearfix\">\n<h3><strong>NO REALIZAMOS TRANSFERENCIAS DE DATOS A TERCEROS PAISES REALIZADAS POR EL EDITOR<\/strong><\/h3>\n<p>Puedes informarte de las transferencias a terceros pa\u00edses que, en su caso, realizan los terceros identificados en esta pol\u00edtica de cookies en sus correspondientes pol\u00edticas (ver los enlaces facilitados en el apartado \u201cCookies de terceros\u201d).<\/p>\n<h3><strong>ELABORACION DE PERFILES<br \/><\/strong><\/h3>\n<p>No realizamos elaboraci\u00f3n de perfiles de ning\u00fan tipo.<\/p>\n<h3><strong>PERIODO DE CONSERVACION<\/strong><\/h3>\n<ul>\n<li><strong>Cookies de sesi\u00f3n<\/strong>: Son cookies temporales que permanecen en el archivo de cookies de su navegador hasta que el Usuario abandona la p\u00e1gina web, por lo que ninguna queda registrada en el disco duro de su ordenador. La informaci\u00f3n obtenida por medio de estas cookies, sirven para analizar pautas de tr\u00e1fico en el website. A la larga, esto nos permite proporcionar una mejor experiencia para mejorar el contenido y facilitar su uso.<\/li>\n<li><strong>Cookies persistentes<\/strong>: son almacenadas en el disco duro y nuestra web las lee cada vez que el Usuario realiza una nueva visita. Una cookie permanente posee una fecha de expiraci\u00f3n determinada. La cookie dejar\u00e1 de funcionar despu\u00e9s de esa fecha. Estas cookies las utilizamos, generalmente, para facilitar los servicios de compra y registro.<\/li>\n<\/ul>\n<h3><strong>RESTO DE INFORMACION<\/strong><\/h3>\n<p>En relaci\u00f3n con el resto de informaci\u00f3n exigida por el articulo 13 RGPD puedes consultarla en nuestra <a href=\"https:\/\/www.invierteencuende.com\/politica-de-privacidad\/\">Pol\u00edtica de Privacidad<\/a>.<\/p>\n<\/div>\n<\/div>\n<\/div>\n<div class=\"elementor-element elementor-element-c59c24a eael-table-align-center eael-dt-th-align-left eael-dt-td-align-left elementor-widget elementor-widget-eael-data-table\" data-id=\"c59c24a\" data-element_type=\"widget\" data-widget_type=\"eael-data-table.default\">\n<div class=\"elementor-widget-container\">\u00a0<\/div>\n<div class=\"elementor-widget-container\">\n<div class=\"elementor-text-editor elementor-clearfix\">\n<h3><strong>DEFINICION Y FUNCION GENERICA DE LAS COOKIES<\/strong><\/h3>\n<p><strong>CUENDE INFOMETRICS, S.A.<\/strong>\u00a0titular de este sitio web informa que se utilizan cookies y\/o tecnolog\u00edas similares que almacenan y recuperan informaci\u00f3n cuando navegas. En general, estas tecnolog\u00edas pueden servir para finalidades muy diversas, como, por ejemplo, reconocerte como usuario, obtener informaci\u00f3n sobre tus h\u00e1bitos de navegaci\u00f3n, o personalizar la forma en que se muestra el contenido. Los usos concretos que hacemos de estas tecnolog\u00edas se describen a continuaci\u00f3n.<\/p>\n<h3><strong>INFORMACION SOBRE EL TIPO DE COOKIES QUE SE UTILIZAN Y SU FINALIDAD<\/strong><\/h3>\n<ul>\n<li><strong>T\u00e9cnicas:<\/strong>\u00a0Son aquellas necesarias para la navegaci\u00f3n y el buen funcionamiento de nuestro website. Permiten, por ejemplo, controlar el tr\u00e1fico y la comunicaci\u00f3n de datos, acceder a partes de acceso restringido, realizar el proceso de compra de un pedido, utilizar elementos de seguridad, almacenar contenidos para poder difundir v\u00eddeos o compartir contenidos a trav\u00e9s de redes sociales.<\/li>\n<li><strong>De personalizaci\u00f3n:<\/strong>\u00a0Son aqu\u00e9llas que permiten al Usuario acceder al servicio con unas caracter\u00edsticas predefinidas en funci\u00f3n de una serie de criterios, como por ejemplo el idioma, el tipo de navegador a trav\u00e9s del cual se accede al servicio, la configuraci\u00f3n regional desde donde se accede al servicio, etc.<\/li>\n<li><strong>De an\u00e1lisis:<\/strong>\u00a0son aquellas que, tratadas por nosotros o por terceros, nos permiten cuantificar el n\u00famero de usuarios y as\u00ed realizar la medici\u00f3n y an\u00e1lisis estad\u00edstico de la utilizaci\u00f3n que hacen los usuarios del servicio ofertado. Para ello se analiza su navegaci\u00f3n en nuestra p\u00e1gina web con el fin de mejorar la oferta de productos o servicios que le ofrecemos.<\/li>\n<li><strong>Publicitarias:<\/strong> Son aqu\u00e9llas que permiten la gesti\u00f3n, de la forma m\u00e1s eficaz posible, de los espacios publicitarios que se pudieran incluir en un website.<\/li>\n<li><strong>Publicitarias comportamentales<\/strong>: son aquellas que, tratadas por nosotros o por terceros, nos permiten analizar sus h\u00e1bitos de navegaci\u00f3n en Internet para que podamos mostrarle publicidad relacionada con su perfil de navegaci\u00f3n.<\/li>\n<\/ul>\n<p>CUENDE INFOMETRICS, S.A. utiliza en este sitio Web:<\/p>\n<p><strong>Cookies propias:<\/strong><\/p>\n<table style=\"height: 175px;\" width=\"880\">\n<tbody>\n<tr>\n<td width=\"80\">Nombre<\/td>\n<td width=\"80\">Tipo<\/td>\n<td width=\"80\">Origen<\/td>\n<td width=\"80\">Duraci\u00f3n<\/td>\n<td width=\"112\">Prop\u00f3sito<\/td>\n<\/tr>\n<tr>\n<td>Moove_gdpr_popup<\/td>\n<td>Anal\u00edtica<\/td>\n<td>Google<\/td>\n<td>1 a\u00f1o<\/td>\n<td width=\"112\">Cookie que contiene el valor de si se han aceptado la instalaci\u00f3n de cookies<\/td>\n<\/tr>\n<\/tbody>\n<\/table>\n<p><strong>Cookies de terceros<\/strong><\/p>\n<ul>\n<li>De an\u00e1lisis:<\/li>\n<\/ul>\n<p>CUENDE INFOMETRICS, S.A. almacena en el terminal del usuario las cookies &#8220;anal\u00edticas&#8221; de Google Analytics. El usuario podr\u00e1 excluir su actividad individual mediante los sistemas de exclusi\u00f3n facilitado por <a href=\"http:\/\/tools.google.com\/dlpage\/gaoptout\">Google Analytics\u00a0<\/a>.<\/p>\n<p>M\u00e1s informaci\u00f3n:\u00a0<a href=\"https:\/\/developers.google.com\/analytics\/devguides\/collection\/analyticsjs\/cookie-usage?hl=es\">Google Analytics Cookie Usage on Websites\u00a0<\/a>.<\/p>\n<table style=\"height: 648px;\" width=\"896\">\n<tbody>\n<tr>\n<td width=\"80\">Nombre<\/td>\n<td width=\"80\">Tipo<\/td>\n<td width=\"80\">Origen<\/td>\n<td width=\"80\">Duraci\u00f3n<\/td>\n<td width=\"112\">Prop\u00f3sito<\/td>\n<\/tr>\n<tr>\n<td>Collect<\/td>\n<td>Anal\u00edtica<\/td>\n<td>Google<\/td>\n<td>Sesi\u00f3n<\/td>\n<td width=\"112\">Se usa para enviar datos a Google Analytics sobre el dispositivo del visitante y su comportamiento<\/td>\n<\/tr>\n<tr>\n<td>_ga<\/td>\n<td>Anal\u00edtica<\/td>\n<td>Google<\/td>\n<td>2 a\u00f1os<\/td>\n<td width=\"112\">Registra una identificaci\u00f3n \u00fanica que se utiliza para generar datos estad\u00edsticos acerca de c\u00f3mo utiliza el visitante el sitio web.<\/td>\n<\/tr>\n<tr>\n<td width=\"80\">_gat<\/td>\n<td width=\"80\">Anal\u00edtica<\/td>\n<td width=\"80\">Google<\/td>\n<td width=\"80\">1 d\u00eda<\/td>\n<td width=\"112\">Utilizado por Google Analytics para controlar la tasa de peticiones<\/td>\n<\/tr>\n<tr>\n<td width=\"80\">_gid<\/td>\n<td width=\"80\">Anal\u00edtica<\/td>\n<td width=\"80\">Google<\/td>\n<td width=\"80\">1 d\u00eda<\/td>\n<td width=\"112\">Registra una identificaci\u00f3n \u00fanica que se utiliza para generar datos estad\u00edsticos acerca de c\u00f3mo utiliza el visitante el sitio web.<\/td>\n<\/tr>\n<\/tbody>\n<\/table>\n<ul>\n<li>De complementos de Google:<\/li>\n<\/ul>\n<p>CUENDE INFOMETRICS, S.A. hace uso de complementos externos de Google. Su uso implica la remisi\u00f3n de cookies.<\/p>\n<p>Para m\u00e1s informaci\u00f3n consulte:\u00a0<a href=\"http:\/\/www.google.com\/intl\/es\/policies\/technologies\/cookies\/\">C\u00f3mo utiliza Google las cookies<\/a><\/p>\n<p>La informaci\u00f3n que recogen los complementos externos de Google en este Sitio Web, incluyendo la direcci\u00f3n IP del usuario, puede ser transmitida a Google y almacenada en sus servidores. Esta informaci\u00f3n es gestionada enteramente por Google. Estas cookies no identifican al usuario personalmente a menos que tenga activa una sesi\u00f3n en Google, quedando en ese caso vinculado con dicha cuenta de Google.<\/p>\n<p>Para m\u00e1s informaci\u00f3n consulte:\u00a0<a href=\"http:\/\/www.google.com\/intl\/es\/policies\/technologies\/types\/\">Tipos de cookies que utiliza Google<\/a><\/p>\n<h3><strong>IDENTIFICACION DE QUIEN UTILIZA LAS COOKIES<\/strong><\/h3>\n<p>La informaci\u00f3n obtenida por las cookies es tratada solo por nuestro editor y\/o tambi\u00e9n por terceros con el que nuestro editor haya contratado la prestaci\u00f3n de un servicio para el cual se requiera el uso de cookies.<\/p>\n<ul>\n<li><strong>Cookies propias<\/strong>: Son aquellas que se env\u00edan a su equipo desde nuestros propios equipos o dominios y desde el que prestamos el servicio que nos solicita.<\/li>\n<li><strong>Cookies de terceros<\/strong>: Son aquellas que se env\u00edan a su equipo desde un equipo o dominio que no es gestionado por nosotros, sino por otra entidad colaboradora. Como, por ejemplo, las usadas por redes sociales, o por contenido externo como Google Maps. Las cookies de terceros permiten cuantificar el n\u00famero de usuarios y as\u00ed realizar la medici\u00f3n y an\u00e1lisis estad\u00edstico de la utilizaci\u00f3n que hacen los usuarios del servicio ofertado. Para ello se analiza su navegaci\u00f3n en nuestra p\u00e1gina web con el fin de mejorar la oferta de productos o servicios que le ofrecemos. Conoce a los terceros\u00a0<strong><a href=\"https:\/\/policies.google.com\/technologies\/cookies?hl=es\">AQUI<\/a><\/strong><\/li>\n<\/ul>\n<h3>ACTIVACION, RESTRICCION Y\/O INHABILITACI\u00d3N DE COOKIES<\/h3>\n<\/div>\n<\/div>\n<div><strong style=\"font-size: revert; color: initial;\">Puede usted permitir o bloquearlas cookies, as\u00ed como borrar sus datos de navegaci\u00f3n (incluidas las cookies) desde el navegador que usted utiliza.<\/strong><span style=\"font-size: revert; color: initial;\">\u00a0Consulte las opciones e instrucciones que ofrece su navegador para ello.\u00a0Tenga en cuenta\u00a0<\/span><strong style=\"font-size: revert; color: initial;\">que si acepta las cookies de terceros, deber\u00e1 eliminarlas desde las opciones de su navegador.<\/strong><\/div>\n<div class=\"elementor-widget-container\">\n<div class=\"elementor-text-editor elementor-clearfix\">\n<h3><strong>NO REALIZAMOS TRANSFERENCIAS DE DATOS A TERCEROS PAISES REALIZADAS POR EL EDITOR<\/strong><\/h3>\n<p>Puedes informarte de las transferencias a terceros pa\u00edses que, en su caso, realizan los terceros identificados en esta pol\u00edtica de cookies en sus correspondientes pol\u00edticas (ver los enlaces facilitados en el apartado \u201cCookies de terceros\u201d).<\/p>\n<h3><strong>ELABORACION DE PERFILES<br \/><\/strong><\/h3>\n<p>No realizamos elaboraci\u00f3n de perfiles de ning\u00fan tipo.<\/p>\n<h3><strong>PERIODO DE CONSERVACION<\/strong><\/h3>\n<ul>\n<li><strong>Cookies de sesi\u00f3n<\/strong>: Son cookies temporales que permanecen en el archivo de cookies de su navegador hasta que el Usuario abandona la p\u00e1gina web, por lo que ninguna queda registrada en el disco duro de su ordenador. La informaci\u00f3n obtenida por medio de estas cookies, sirven para analizar pautas de tr\u00e1fico en el website. A la larga, esto nos permite proporcionar una mejor experiencia para mejorar el contenido y facilitar su uso.<\/li>\n<li><strong>Cookies persistentes<\/strong>: son almacenadas en el disco duro y nuestra web las lee cada vez que el Usuario realiza una nueva visita. Una cookie permanente posee una fecha de expiraci\u00f3n determinada. La cookie dejar\u00e1 de funcionar despu\u00e9s de esa fecha. Estas cookies las utilizamos, generalmente, para facilitar los servicios de compra y registro.<\/li>\n<\/ul>\n<h3><strong>RESTO DE INFORMACION<\/strong><\/h3>\n<p>En relaci\u00f3n con el resto de informaci\u00f3n exigida por el articulo 13 RGPD puedes consultarla en nuestra <a href=\"https:\/\/www.invierteencuende.com\/politica-de-privacidad\/\">Pol\u00edtica de Privacidad<\/a>.<\/p>\n<\/div>\n<\/div>\n<\/div>\n<p><!-- \/wp:paragraph --><\/p>\t\t\t\t\t<\/div>\n\t\t\t\t\t\t<\/div>\n\t\t\t\t<\/div>\n\t\t\t\t\t\t<\/div>\n\t\t\t\t\t<\/div>\n\t\t<\/div>\n\t\t\t\t\t\t\t\t<\/div>\n\t\t\t\t\t<\/div>\n\t\t<\/section>\n\t\t\t\t\t\t<\/div>\n\t\t\t\t\t\t<\/div>\n\t\t\t\t\t<\/div>\n\t\t","protected":false},"excerpt":{"rendered":"<p>Pol\u00edtica de Cookies \u00a0 DEFINICION Y FUNCION GENERICA DE LAS COOKIES CUENDE INFOMETRICS, S.A.\u00a0titular de este sitio web informa que se utilizan cookies y\/o tecnolog\u00edas similares que almacenan y recuperan informaci\u00f3n cuando navegas. En general, estas tecnolog\u00edas pueden servir para finalidades muy diversas, como, por ejemplo, reconocerte como usuario, obtener informaci\u00f3n sobre tus h\u00e1bitos de&hellip;&nbsp;<a href=\"https:\/\/cuende.com\/prod\/politica-cookies\/\" class=\"\" rel=\"bookmark\">Leer m\u00e1s &raquo;<span class=\"screen-reader-text\">Pol\u00edtica de Cookies<\/span><\/a><\/p>\n","protected":false},"author":1,"featured_media":0,"parent":0,"menu_order":0,"comment_status":"closed","ping_status":"closed","template":"page-templates\/template-pagebuilder-full-width.php","meta":[],"_links":{"self":[{"href":"https:\/\/cuende.com\/prod\/wp-json\/wp\/v2\/pages\/2696"}],"collection":[{"href":"https:\/\/cuende.com\/prod\/wp-json\/wp\/v2\/pages"}],"about":[{"href":"https:\/\/cuende.com\/prod\/wp-json\/wp\/v2\/types\/page"}],"author":[{"embeddable":true,"href":"https:\/\/cuende.com\/prod\/wp-json\/wp\/v2\/users\/1"}],"replies":[{"embeddable":true,"href":"https:\/\/cuende.com\/prod\/wp-json\/wp\/v2\/comments?post=2696"}],"version-history":[{"count":18,"href":"https:\/\/cuende.com\/prod\/wp-json\/wp\/v2\/pages\/2696\/revisions"}],"predecessor-version":[{"id":3182,"href":"https:\/\/cuende.com\/prod\/wp-json\/wp\/v2\/pages\/2696\/revisions\/3182"}],"wp:attachment":[{"href":"https:\/\/cuende.com\/prod\/wp-json\/wp\/v2\/media?parent=2696"}],"curies":[{"name":"wp","href":"https:\/\/api.w.org\/{rel}","templated":true}]}}