{"id":3618,"date":"2022-11-30T10:18:02","date_gmt":"2022-11-30T09:18:02","guid":{"rendered":"https:\/\/cuende.com\/prod\/?page_id=3618"},"modified":"2022-11-30T10:19:33","modified_gmt":"2022-11-30T09:19:33","slug":"aviso-legal-2","status":"publish","type":"page","link":"https:\/\/cuende.com\/prod\/aviso-legal-2\/","title":{"rendered":"Pol\u00edtica de Calidad de CUENDE"},"content":{"rendered":"\t\t<div data-elementor-type=\"wp-post\" data-elementor-id=\"3618\" class=\"elementor elementor-3618\" data-elementor-settings=\"[]\">\n\t\t\t\t\t\t<div class=\"elementor-inner\">\n\t\t\t\t\t\t\t<div class=\"elementor-section-wrap\">\n\t\t\t\t\t\t\t<section class=\"elementor-section elementor-top-section elementor-element elementor-element-12ec953 elementor-section-boxed elementor-section-height-default elementor-section-height-default\" data-id=\"12ec953\" data-element_type=\"section\" data-settings=\"{&quot;background_background&quot;:&quot;classic&quot;}\">\n\t\t\t\t\t\t<div class=\"elementor-container elementor-column-gap-default\">\n\t\t\t\t\t\t\t<div class=\"elementor-row\">\n\t\t\t\t\t<div class=\"elementor-column elementor-col-100 elementor-top-column elementor-element elementor-element-b77c114\" data-id=\"b77c114\" data-element_type=\"column\">\n\t\t\t<div class=\"elementor-column-wrap elementor-element-populated\">\n\t\t\t\t\t\t\t<div class=\"elementor-widget-wrap\">\n\t\t\t\t\t\t<div class=\"elementor-element elementor-element-3005642 elementor-widget elementor-widget-text-editor\" data-id=\"3005642\" data-element_type=\"widget\" data-widget_type=\"text-editor.default\">\n\t\t\t\t<div class=\"elementor-widget-container\">\n\t\t\t\t\t\t\t\t<div class=\"elementor-text-editor elementor-clearfix\">\n\t\t\t\t\t<h1>Pol\u00edtica de Calidad de CUENDE<\/h1><p>El objetivo de CUENDE Infometrics es ofrecer a sus clientes los mejores servicios de medici\u00f3n de audiencia en exterior, cumpliendo con los requisitos comprometidos, proponiendo soluciones avanzadas e innovadoras viables y respondiendo a las necesidades de mercado con est\u00e1ndares globales.<\/p><p>CUENDE Infometrics pretende conseguir la fidelidad del mercado por la innovaci\u00f3n, el rigor de los datos generados y el servicio. La pol\u00edtica de calidad de CUENDE Infometrics es la piedra angular sobre la que se definen los objetivos de la compa\u00f1\u00eda para cumplir con las expectativas de sus clientes y de todas las organizaciones interesadas en la actividad de la misma.<\/p><p>El compromiso de CUENDE Infometrics es ofrecer servicios de alta calidad que, de forma continuada, est\u00e9n a la altura o excedan las expectativas de sus clientes. La direcci\u00f3n y empleados de CUENDE Infometrics tienen el compromiso firme y decidido de que esta pol\u00edtica se implemente, se entienda y se mantenga en todos los niveles de la organizaci\u00f3n.<\/p><p>CUENDE Infometrics se compromete a cumplir los requisitos, tanto legales como los acordados con nuestros clientes y otras partes interesadas<br>El Sistema de Gesti\u00f3n de CUENDE Infometrics, orientado a procesos y basado en la mejora continua, se define y desarrolla en la documentaci\u00f3n de los procesos de la compa\u00f1\u00eda y en el Manual de Calidad, siendo por tanto, de obligado cumplimiento para todo el personal involucrado en las actividades de CUENDE Infometrics.<\/p><p><!-- wp:heading {\"level\":1} -->\n\n<!-- \/wp:heading -->\n\n<!-- wp:paragraph -->\n\n<!-- \/wp:paragraph -->\n\n<!-- wp:paragraph -->\n\n<!-- \/wp:paragraph -->\n\n<!-- wp:paragraph -->\n\n<!-- \/wp:paragraph -->\n\n<!-- wp:paragraph -->\n\n<!-- \/wp:paragraph -->\n\n<!-- wp:paragraph -->\n\n<!-- \/wp:paragraph --><\/p><p>La mejora continua es un objetivo ineludible de toda la compa\u00f1\u00eda. Su adquisici\u00f3n se basa en la observaci\u00f3n estricta de los procesos definidos y la mejora de sus resultados. La Organizaci\u00f3n de CUENDE Infometrics, pretende la m\u00e1xima participaci\u00f3n y compromiso del personal de la Compa\u00f1\u00eda en la mejora continua del propio sistema.<\/p>\t\t\t\t\t<\/div>\n\t\t\t\t\t\t<\/div>\n\t\t\t\t<\/div>\n\t\t\t\t\t\t<\/div>\n\t\t\t\t\t<\/div>\n\t\t<\/div>\n\t\t\t\t\t\t\t\t<\/div>\n\t\t\t\t\t<\/div>\n\t\t<\/section>\n\t\t\t\t<section class=\"elementor-section elementor-top-section elementor-element elementor-element-d2e67bc elementor-section-boxed elementor-section-height-default elementor-section-height-default\" data-id=\"d2e67bc\" data-element_type=\"section\">\n\t\t\t\t\t\t<div class=\"elementor-container elementor-column-gap-default\">\n\t\t\t\t\t\t\t<div class=\"elementor-row\">\n\t\t\t\t\t<div class=\"elementor-column elementor-col-100 elementor-top-column elementor-element elementor-element-bbaeada\" data-id=\"bbaeada\" data-element_type=\"column\">\n\t\t\t<div class=\"elementor-column-wrap elementor-element-populated\">\n\t\t\t\t\t\t\t<div class=\"elementor-widget-wrap\">\n\t\t\t\t\t\t<div class=\"elementor-element elementor-element-3133b4b elementor-widget elementor-widget-text-editor\" data-id=\"3133b4b\" data-element_type=\"widget\" data-widget_type=\"text-editor.default\">\n\t\t\t\t<div class=\"elementor-widget-container\">\n\t\t\t\t\t\t\t\t<div class=\"elementor-text-editor elementor-clearfix\">\n\t\t\t\t\t<!-- wp:themeisle-blocks\/advanced-columns {\"id\":\"wp-block-themeisle-blocks-advanced-columns-46a2fd48\",\"columns\":4,\"layout\":\"equal\",\"layoutMobile\":\"collapsedRows\"} -->\n<div class=\"wp-block-themeisle-blocks-advanced-columns has-4-columns has-desktop-equal-layout has-tablet-equal-layout has-mobile-collapsedRows-layout has-default-gap has-vertical-unset\" id=\"wp-block-themeisle-blocks-advanced-columns-46a2fd48\" style=\"border-width:0px;border-style:solid;border-color:#000000;border-radius:0px;justify-content:unset\"><div class=\"wp-themeisle-block-overlay\" style=\"opacity:0.5;mix-blend-mode:normal\"><\/div><div class=\"innerblocks-wrap\"><!-- wp:themeisle-blocks\/advanced-column {\"id\":\"wp-block-themeisle-blocks-advanced-column-6ef26fcb\",\"columnWidth\":25} -->\n<div class=\"wp-block-themeisle-blocks-advanced-column\" id=\"wp-block-themeisle-blocks-advanced-column-6ef26fcb\" style=\"border-width:0px;border-style:solid;border-color:#000000;border-radius:0px\"><!-- wp:paragraph -->\n<p><\/p>\n<!-- \/wp:paragraph --><\/div>\n<!-- \/wp:themeisle-blocks\/advanced-column -->\n\n<!-- wp:themeisle-blocks\/advanced-column {\"id\":\"wp-block-themeisle-blocks-advanced-column-a19cba9c\",\"columnWidth\":25} -->\n<div class=\"wp-block-themeisle-blocks-advanced-column\" id=\"wp-block-themeisle-blocks-advanced-column-a19cba9c\" style=\"border-width:0px;border-style:solid;border-color:#000000;border-radius:0px\"><\/div>\n<!-- \/wp:themeisle-blocks\/advanced-column -->\n\n<!-- wp:themeisle-blocks\/advanced-column {\"id\":\"wp-block-themeisle-blocks-advanced-column-e69c2ba5\",\"columnWidth\":25} -->\n<div class=\"wp-block-themeisle-blocks-advanced-column\" id=\"wp-block-themeisle-blocks-advanced-column-e69c2ba5\" style=\"border-width:0px;border-style:solid;border-color:#000000;border-radius:0px\"><\/div>\n<!-- \/wp:themeisle-blocks\/advanced-column -->\n\n<!-- wp:themeisle-blocks\/advanced-column {\"id\":\"wp-block-themeisle-blocks-advanced-column-cc9413a7\",\"columnWidth\":25} -->\n<div class=\"wp-block-themeisle-blocks-advanced-column\" id=\"wp-block-themeisle-blocks-advanced-column-cc9413a7\" style=\"border-width:0px;border-style:solid;border-color:#000000;border-radius:0px\"><\/div>\n<!-- \/wp:themeisle-blocks\/advanced-column --><\/div><\/div>\n<!-- \/wp:themeisle-blocks\/advanced-columns -->\t\t\t\t\t<\/div>\n\t\t\t\t\t\t<\/div>\n\t\t\t\t<\/div>\n\t\t\t\t\t\t<\/div>\n\t\t\t\t\t<\/div>\n\t\t<\/div>\n\t\t\t\t\t\t\t\t<\/div>\n\t\t\t\t\t<\/div>\n\t\t<\/section>\n\t\t\t\t\t\t<\/div>\n\t\t\t\t\t\t<\/div>\n\t\t\t\t\t<\/div>\n\t\t","protected":false},"excerpt":{"rendered":"<p>Pol\u00edtica de Calidad de CUENDE El objetivo de CUENDE Infometrics es ofrecer a sus clientes los mejores servicios de medici\u00f3n de audiencia en exterior, cumpliendo con los requisitos comprometidos, proponiendo soluciones avanzadas e innovadoras viables y respondiendo a las necesidades de mercado con est\u00e1ndares globales. CUENDE Infometrics pretende conseguir la fidelidad del mercado por la&hellip;&nbsp;<a href=\"https:\/\/cuende.com\/prod\/aviso-legal-2\/\" class=\"\" rel=\"bookmark\">Leer m\u00e1s &raquo;<span class=\"screen-reader-text\">Pol\u00edtica de Calidad de CUENDE<\/span><\/a><\/p>\n","protected":false},"author":2,"featured_media":0,"parent":0,"menu_order":0,"comment_status":"closed","ping_status":"closed","template":"","meta":[],"_links":{"self":[{"href":"https:\/\/cuende.com\/prod\/wp-json\/wp\/v2\/pages\/3618"}],"collection":[{"href":"https:\/\/cuende.com\/prod\/wp-json\/wp\/v2\/pages"}],"about":[{"href":"https:\/\/cuende.com\/prod\/wp-json\/wp\/v2\/types\/page"}],"author":[{"embeddable":true,"href":"https:\/\/cuende.com\/prod\/wp-json\/wp\/v2\/users\/2"}],"replies":[{"embeddable":true,"href":"https:\/\/cuende.com\/prod\/wp-json\/wp\/v2\/comments?post=3618"}],"version-history":[{"count":4,"href":"https:\/\/cuende.com\/prod\/wp-json\/wp\/v2\/pages\/3618\/revisions"}],"predecessor-version":[{"id":3622,"href":"https:\/\/cuende.com\/prod\/wp-json\/wp\/v2\/pages\/3618\/revisions\/3622"}],"wp:attachment":[{"href":"https:\/\/cuende.com\/prod\/wp-json\/wp\/v2\/media?parent=3618"}],"curies":[{"name":"wp","href":"https:\/\/api.w.org\/{rel}","templated":true}]}}